{"id":732,"date":"2025-01-16T15:19:01","date_gmt":"2025-01-16T18:19:01","guid":{"rendered":"https:\/\/jeanpaixao.com.br\/stonemotors\/?page_id=732"},"modified":"2025-01-16T16:11:40","modified_gmt":"2025-01-16T19:11:40","slug":"loja","status":"publish","type":"page","link":"https:\/\/jeanpaixao.com.br\/stonemotors\/loja\/","title":{"rendered":"Loja"},"content":{"rendered":"\t\t<div data-elementor-type=\"wp-page\" data-elementor-id=\"732\" class=\"elementor elementor-732\" data-elementor-post-type=\"page\">\n\t\t\t\t<div class=\"elementor-element elementor-element-035ab98 e-flex e-con-boxed e-con e-parent\" data-id=\"035ab98\" data-element_type=\"container\" data-e-type=\"container\">\n\t\t\t\t\t<div class=\"e-con-inner\">\n\t\t\t\t<div class=\"elementor-element elementor-element-9fe9c4d elementor-grid-2 elementor-grid-tablet-2 elementor-grid-mobile-1 elementor-widget elementor-widget-loop-grid\" data-id=\"9fe9c4d\" data-element_type=\"widget\" data-e-type=\"widget\" data-settings=\"{&quot;template_id&quot;:&quot;729&quot;,&quot;columns&quot;:2,&quot;pagination_type&quot;:&quot;load_more_infinite_scroll&quot;,&quot;_skin&quot;:&quot;post&quot;,&quot;columns_tablet&quot;:&quot;2&quot;,&quot;columns_mobile&quot;:&quot;1&quot;,&quot;edit_handle_selector&quot;:&quot;[data-elementor-type=\\&quot;loop-item\\&quot;]&quot;,&quot;load_more_spinner&quot;:{&quot;value&quot;:&quot;fas fa-spinner&quot;,&quot;library&quot;:&quot;fa-solid&quot;},&quot;row_gap&quot;:{&quot;unit&quot;:&quot;px&quot;,&quot;size&quot;:&quot;&quot;,&quot;sizes&quot;:[]},&quot;row_gap_tablet&quot;:{&quot;unit&quot;:&quot;px&quot;,&quot;size&quot;:&quot;&quot;,&quot;sizes&quot;:[]},&quot;row_gap_mobile&quot;:{&quot;unit&quot;:&quot;px&quot;,&quot;size&quot;:&quot;&quot;,&quot;sizes&quot;:[]}}\" data-widget_type=\"loop-grid.post\">\n\t\t\t\t<div class=\"elementor-widget-container\">\n\t\t\t\t\t\t\t<div class=\"elementor-loop-container elementor-grid\">\n\t\t<style id=\"loop-729\">.elementor-729 .elementor-element.elementor-element-5205b30{--display:flex;--flex-direction:row;--container-widget-width:initial;--container-widget-height:100%;--container-widget-flex-grow:1;--container-widget-align-self:stretch;--flex-wrap-mobile:wrap;--justify-content:center;--gap:0px 0px;--row-gap:0px;--column-gap:0px;--flex-wrap:wrap;box-shadow:0px 0px 10px 0px rgba(0,0,0,0.5);}.elementor-729 .elementor-element.elementor-element-38653ed{--display:flex;--flex-direction:column;--container-widget-width:100%;--container-widget-height:initial;--container-widget-flex-grow:0;--container-widget-align-self:initial;--flex-wrap-mobile:wrap;}.elementor-widget-image .widget-image-caption{color:var( --e-global-color-text );font-family:var( --e-global-typography-text-font-family ), Sans-serif;font-weight:var( --e-global-typography-text-font-weight );}.elementor-729 .elementor-element.elementor-element-ca58174{--display:flex;--flex-direction:column;--container-widget-width:100%;--container-widget-height:initial;--container-widget-flex-grow:0;--container-widget-align-self:initial;--flex-wrap-mobile:wrap;}.elementor-widget-heading .elementor-heading-title{font-family:var( --e-global-typography-primary-font-family ), Sans-serif;font-weight:var( --e-global-typography-primary-font-weight );color:var( --e-global-color-primary );}.elementor-729 .elementor-element.elementor-element-f8a6973 .elementor-heading-title{color:var( --e-global-color-secondary );}.elementor-widget-button .elementor-button{font-family:var( --e-global-typography-accent-font-family ), Sans-serif;font-weight:var( --e-global-typography-accent-font-weight );background-color:var( --e-global-color-accent );}.elementor-729 .elementor-element.elementor-element-45c3df6 .elementor-button{background-color:var( --e-global-color-accent );}.elementor-729 .elementor-element.elementor-element-efbaa63{--display:flex;--flex-direction:column;--container-widget-width:100%;--container-widget-height:initial;--container-widget-flex-grow:0;--container-widget-align-self:initial;--flex-wrap-mobile:wrap;}.elementor-729 .elementor-element.elementor-element-efbaa63.e-con{--align-self:flex-start;}.elementor-729 .elementor-element.elementor-element-fa93cf3{--display:flex;--flex-direction:row;--container-widget-width:initial;--container-widget-height:100%;--container-widget-flex-grow:1;--container-widget-align-self:stretch;--flex-wrap-mobile:wrap;}.elementor-widget-text-editor{font-family:var( --e-global-typography-text-font-family ), Sans-serif;font-weight:var( --e-global-typography-text-font-weight );color:var( --e-global-color-text );}.elementor-widget-text-editor.elementor-drop-cap-view-stacked .elementor-drop-cap{background-color:var( --e-global-color-primary );}.elementor-widget-text-editor.elementor-drop-cap-view-framed .elementor-drop-cap, .elementor-widget-text-editor.elementor-drop-cap-view-default .elementor-drop-cap{color:var( --e-global-color-primary );border-color:var( --e-global-color-primary );}@media(min-width:768px){.elementor-729 .elementor-element.elementor-element-38653ed{--width:50%;}.elementor-729 .elementor-element.elementor-element-ca58174{--width:50%;}.elementor-729 .elementor-element.elementor-element-efbaa63{--width:100%;}}<\/style>\t\t<div data-elementor-type=\"loop-item\" data-elementor-id=\"729\" class=\"elementor elementor-729 e-loop-item e-loop-item-749 post-749 produto type-produto status-publish hentry\" data-elementor-post-type=\"elementor_library\" data-custom-edit-handle=\"1\">\n\t\t\t<div class=\"elementor-element elementor-element-5205b30 e-flex e-con-boxed e-con e-parent\" data-id=\"5205b30\" data-element_type=\"container\" data-e-type=\"container\">\n\t\t\t\t\t<div class=\"e-con-inner\">\n\t\t<div class=\"elementor-element elementor-element-38653ed e-con-full e-flex e-con e-child\" data-id=\"38653ed\" data-element_type=\"container\" data-e-type=\"container\">\n\t\t\t\t<div class=\"elementor-element elementor-element-b3d0f30 elementor-widget elementor-widget-image\" data-id=\"b3d0f30\" data-element_type=\"widget\" data-e-type=\"widget\" data-widget_type=\"image.default\">\n\t\t\t\t<div class=\"elementor-widget-container\">\n\t\t\t\t\t\t\t\t\t\t\t\t\t\t\t<img fetchpriority=\"high\" decoding=\"async\" width=\"755\" height=\"1050\" src=\"https:\/\/jeanpaixao.com.br\/stonemotors\/wp-content\/uploads\/2025\/01\/D_NQ_NP_2X_819526-MLB78147507295_082024-F.webp\" class=\"attachment-full size-full wp-image-748\" alt=\"\" srcset=\"https:\/\/jeanpaixao.com.br\/stonemotors\/wp-content\/uploads\/2025\/01\/D_NQ_NP_2X_819526-MLB78147507295_082024-F.webp 755w, https:\/\/jeanpaixao.com.br\/stonemotors\/wp-content\/uploads\/2025\/01\/D_NQ_NP_2X_819526-MLB78147507295_082024-F-216x300.webp 216w, https:\/\/jeanpaixao.com.br\/stonemotors\/wp-content\/uploads\/2025\/01\/D_NQ_NP_2X_819526-MLB78147507295_082024-F-736x1024.webp 736w\" sizes=\"(max-width: 755px) 100vw, 755px\" \/>\t\t\t\t\t\t\t\t\t\t\t\t\t\t\t<\/div>\n\t\t\t\t<\/div>\n\t\t\t\t<\/div>\n\t\t<div class=\"elementor-element elementor-element-ca58174 e-con-full e-flex e-con e-child\" data-id=\"ca58174\" data-element_type=\"container\" data-e-type=\"container\">\n\t\t\t\t<div class=\"elementor-element elementor-element-2d90de0 elementor-widget elementor-widget-heading\" data-id=\"2d90de0\" data-element_type=\"widget\" data-e-type=\"widget\" data-widget_type=\"heading.default\">\n\t\t\t\t<div class=\"elementor-widget-container\">\n\t\t\t\t\t<h2 class=\"elementor-heading-title elementor-size-default\">Jaqueta<\/h2>\t\t\t\t<\/div>\n\t\t\t\t<\/div>\n\t\t\t\t<div class=\"elementor-element elementor-element-f8a6973 elementor-widget elementor-widget-heading\" data-id=\"f8a6973\" data-element_type=\"widget\" data-e-type=\"widget\" data-widget_type=\"heading.default\">\n\t\t\t\t<div class=\"elementor-widget-container\">\n\t\t\t\t\t<h2 class=\"elementor-heading-title elementor-size-default\">R$ 172,89<\/h2>\t\t\t\t<\/div>\n\t\t\t\t<\/div>\n\t\t\t\t<div class=\"elementor-element elementor-element-45c3df6 elementor-align-justify elementor-widget elementor-widget-button\" data-id=\"45c3df6\" data-element_type=\"widget\" data-e-type=\"widget\" data-widget_type=\"button.default\">\n\t\t\t\t<div class=\"elementor-widget-container\">\n\t\t\t\t\t\t\t\t\t<div class=\"elementor-button-wrapper\">\n\t\t\t\t\t<a class=\"elementor-button elementor-button-link elementor-size-sm\" href=\"https:\/\/produto.mercadolivre.com.br\/MLB-3815261405-jaqueta-bobojaco-masculina-forrada-impermeavel-p-motoqueiro-_JM?searchVariation=181356612416#is_advertising=true&#038;searchVariation=181356612416&#038;position=2&#038;search_layout=stack&#038;type=pad&#038;tracking_id=a8ef3ac5-abba-4a1c-9e7e-f83da5f05e6b&#038;is_advertising=true&#038;ad_domain=VQCATCORE_LST&#038;ad_position=2&#038;ad_click_id=MmYyMDczMzMtMWQzOS00ZWNlLThhNjUtYWQzZjM4MGY1MjE4\" target=\"_blank\">\n\t\t\t\t\t\t<span class=\"elementor-button-content-wrapper\">\n\t\t\t\t\t\t\t\t\t<span class=\"elementor-button-text\">Comprar<\/span>\n\t\t\t\t\t<\/span>\n\t\t\t\t\t<\/a>\n\t\t\t\t<\/div>\n\t\t\t\t\t\t\t\t<\/div>\n\t\t\t\t<\/div>\n\t\t\t\t<\/div>\n\t\t<div class=\"elementor-element elementor-element-efbaa63 e-con-full e-flex e-con e-child\" data-id=\"efbaa63\" data-element_type=\"container\" data-e-type=\"container\">\n\t\t<div class=\"elementor-element elementor-element-fa93cf3 e-con-full e-flex e-con e-child\" data-id=\"fa93cf3\" data-element_type=\"container\" data-e-type=\"container\">\n\t\t\t\t<div class=\"elementor-element elementor-element-d8d95b2 elementor-widget elementor-widget-image\" data-id=\"d8d95b2\" data-element_type=\"widget\" data-e-type=\"widget\" data-widget_type=\"image.default\">\n\t\t\t\t<div class=\"elementor-widget-container\">\n\t\t\t\t\t\t\t\t\t\t\t\t\t\t\t<img decoding=\"async\" width=\"300\" height=\"168\" src=\"https:\/\/jeanpaixao.com.br\/stonemotors\/wp-content\/uploads\/2024\/10\/images.jpeg\" class=\"attachment-medium size-medium wp-image-103\" alt=\"\" \/>\t\t\t\t\t\t\t\t\t\t\t\t\t\t\t<\/div>\n\t\t\t\t<\/div>\n\t\t\t\t<div class=\"elementor-element elementor-element-1f4dce4 elementor-widget elementor-widget-image\" data-id=\"1f4dce4\" data-element_type=\"widget\" data-e-type=\"widget\" data-widget_type=\"image.default\">\n\t\t\t\t<div class=\"elementor-widget-container\">\n\t\t\t\t\t\t\t\t\t\t\t\t\t\t\t<img decoding=\"async\" width=\"300\" height=\"169\" src=\"https:\/\/jeanpaixao.com.br\/stonemotors\/wp-content\/uploads\/2024\/10\/Design-sem-nome-7-2-scaled-1-300x169.jpg\" class=\"attachment-medium size-medium wp-image-102\" alt=\"\" srcset=\"https:\/\/jeanpaixao.com.br\/stonemotors\/wp-content\/uploads\/2024\/10\/Design-sem-nome-7-2-scaled-1-300x169.jpg 300w, https:\/\/jeanpaixao.com.br\/stonemotors\/wp-content\/uploads\/2024\/10\/Design-sem-nome-7-2-scaled-1-1024x576.jpg 1024w, https:\/\/jeanpaixao.com.br\/stonemotors\/wp-content\/uploads\/2024\/10\/Design-sem-nome-7-2-scaled-1-768x432.jpg 768w, https:\/\/jeanpaixao.com.br\/stonemotors\/wp-content\/uploads\/2024\/10\/Design-sem-nome-7-2-scaled-1-1536x864.jpg 1536w, https:\/\/jeanpaixao.com.br\/stonemotors\/wp-content\/uploads\/2024\/10\/Design-sem-nome-7-2-scaled-1-2048x1152.jpg 2048w\" sizes=\"(max-width: 300px) 100vw, 300px\" \/>\t\t\t\t\t\t\t\t\t\t\t\t\t\t\t<\/div>\n\t\t\t\t<\/div>\n\t\t\t\t<\/div>\n\t\t\t\t<div class=\"elementor-element elementor-element-61911d7 elementor-widget elementor-widget-heading\" data-id=\"61911d7\" data-element_type=\"widget\" data-e-type=\"widget\" data-widget_type=\"heading.default\">\n\t\t\t\t<div class=\"elementor-widget-container\">\n\t\t\t\t\t<h2 class=\"elementor-heading-title elementor-size-default\">Descri\u00e7\u00e3o:<\/h2>\t\t\t\t<\/div>\n\t\t\t\t<\/div>\n\t\t\t\t<div class=\"elementor-element elementor-element-1b5dced elementor-widget elementor-widget-text-editor\" data-id=\"1b5dced\" data-element_type=\"widget\" data-e-type=\"widget\" data-widget_type=\"text-editor.default\">\n\t\t\t\t<div class=\"elementor-widget-container\">\n\t\t\t\t\t\t\t\t\tLorem Ipsum \u00e9 simplesmente um texto modelo da ind\u00fastria tipogr\u00e1fica e de impress\u00e3o. Lorem Ipsum tem sido o texto modelo padr\u00e3o da ind\u00fastria desde os anos 1500, quando um impressor desconhecido pegou uma galera de tipos e os embaralhou para fazer um livro de esp\u00e9cimes de tipos. Ele sobreviveu n\u00e3o apenas cinco s\u00e9culos, mas tamb\u00e9m ao salto para a composi\u00e7\u00e3o eletr\u00f4nica, permanecendo essencialmente inalterado. Foi popularizado na d\u00e9cada de 1960 com o lan\u00e7amento das folhas Letraset contendo passagens do Lorem Ipsum e, mais recentemente, com softwares de editora\u00e7\u00e3o eletr\u00f4nica como o Aldus PageMaker, incluindo vers\u00f5es do Lorem Ipsum.\t\t\t\t\t\t\t\t<\/div>\n\t\t\t\t<\/div>\n\t\t\t\t<\/div>\n\t\t\t\t\t<\/div>\n\t\t\t\t<\/div>\n\t\t\t\t<\/div>\n\t\t\t\t<div data-elementor-type=\"loop-item\" data-elementor-id=\"729\" class=\"elementor elementor-729 e-loop-item e-loop-item-727 post-727 produto type-produto status-publish hentry\" data-elementor-post-type=\"elementor_library\" data-custom-edit-handle=\"1\">\n\t\t\t<div class=\"elementor-element elementor-element-5205b30 e-flex e-con-boxed e-con e-parent\" data-id=\"5205b30\" data-element_type=\"container\" data-e-type=\"container\">\n\t\t\t\t\t<div class=\"e-con-inner\">\n\t\t<div class=\"elementor-element elementor-element-38653ed e-con-full e-flex e-con e-child\" data-id=\"38653ed\" data-element_type=\"container\" data-e-type=\"container\">\n\t\t\t\t<div class=\"elementor-element elementor-element-b3d0f30 elementor-widget elementor-widget-image\" data-id=\"b3d0f30\" data-element_type=\"widget\" data-e-type=\"widget\" data-widget_type=\"image.default\">\n\t\t\t\t<div class=\"elementor-widget-container\">\n\t\t\t\t\t\t\t\t\t\t\t\t\t\t\t<img fetchpriority=\"high\" decoding=\"async\" width=\"755\" height=\"1050\" src=\"https:\/\/jeanpaixao.com.br\/stonemotors\/wp-content\/uploads\/2025\/01\/D_NQ_NP_2X_819526-MLB78147507295_082024-F.webp\" class=\"attachment-full size-full wp-image-748\" alt=\"\" srcset=\"https:\/\/jeanpaixao.com.br\/stonemotors\/wp-content\/uploads\/2025\/01\/D_NQ_NP_2X_819526-MLB78147507295_082024-F.webp 755w, https:\/\/jeanpaixao.com.br\/stonemotors\/wp-content\/uploads\/2025\/01\/D_NQ_NP_2X_819526-MLB78147507295_082024-F-216x300.webp 216w, https:\/\/jeanpaixao.com.br\/stonemotors\/wp-content\/uploads\/2025\/01\/D_NQ_NP_2X_819526-MLB78147507295_082024-F-736x1024.webp 736w\" sizes=\"(max-width: 755px) 100vw, 755px\" \/>\t\t\t\t\t\t\t\t\t\t\t\t\t\t\t<\/div>\n\t\t\t\t<\/div>\n\t\t\t\t<\/div>\n\t\t<div class=\"elementor-element elementor-element-ca58174 e-con-full e-flex e-con e-child\" data-id=\"ca58174\" data-element_type=\"container\" data-e-type=\"container\">\n\t\t\t\t<div class=\"elementor-element elementor-element-2d90de0 elementor-widget elementor-widget-heading\" data-id=\"2d90de0\" data-element_type=\"widget\" data-e-type=\"widget\" data-widget_type=\"heading.default\">\n\t\t\t\t<div class=\"elementor-widget-container\">\n\t\t\t\t\t<h2 class=\"elementor-heading-title elementor-size-default\">Camisa<\/h2>\t\t\t\t<\/div>\n\t\t\t\t<\/div>\n\t\t\t\t<div class=\"elementor-element elementor-element-f8a6973 elementor-widget elementor-widget-heading\" data-id=\"f8a6973\" data-element_type=\"widget\" data-e-type=\"widget\" data-widget_type=\"heading.default\">\n\t\t\t\t<div class=\"elementor-widget-container\">\n\t\t\t\t\t<h2 class=\"elementor-heading-title elementor-size-default\">R$ 48,95<\/h2>\t\t\t\t<\/div>\n\t\t\t\t<\/div>\n\t\t\t\t<div class=\"elementor-element elementor-element-45c3df6 elementor-align-justify elementor-widget elementor-widget-button\" data-id=\"45c3df6\" data-element_type=\"widget\" data-e-type=\"widget\" data-widget_type=\"button.default\">\n\t\t\t\t<div class=\"elementor-widget-container\">\n\t\t\t\t\t\t\t\t\t<div class=\"elementor-button-wrapper\">\n\t\t\t\t\t<a class=\"elementor-button elementor-button-link elementor-size-sm\" href=\"https:\/\/produto.mercadolivre.com.br\/MLB-3815261405-jaqueta-bobojaco-masculina-forrada-impermeavel-p-motoqueiro-_JM?searchVariation=181356612416#is_advertising=true&#038;searchVariation=181356612416&#038;position=2&#038;search_layout=stack&#038;type=pad&#038;tracking_id=a8ef3ac5-abba-4a1c-9e7e-f83da5f05e6b&#038;is_advertising=true&#038;ad_domain=VQCATCORE_LST&#038;ad_position=2&#038;ad_click_id=MmYyMDczMzMtMWQzOS00ZWNlLThhNjUtYWQzZjM4MGY1MjE4\" target=\"_blank\">\n\t\t\t\t\t\t<span class=\"elementor-button-content-wrapper\">\n\t\t\t\t\t\t\t\t\t<span class=\"elementor-button-text\">Comprar<\/span>\n\t\t\t\t\t<\/span>\n\t\t\t\t\t<\/a>\n\t\t\t\t<\/div>\n\t\t\t\t\t\t\t\t<\/div>\n\t\t\t\t<\/div>\n\t\t\t\t<\/div>\n\t\t<div class=\"elementor-element elementor-element-efbaa63 e-con-full e-flex e-con e-child\" data-id=\"efbaa63\" data-element_type=\"container\" data-e-type=\"container\">\n\t\t<div class=\"elementor-element elementor-element-fa93cf3 e-con-full e-flex e-con e-child\" data-id=\"fa93cf3\" data-element_type=\"container\" data-e-type=\"container\">\n\t\t\t\t<div class=\"elementor-element elementor-element-d8d95b2 elementor-widget elementor-widget-image\" data-id=\"d8d95b2\" data-element_type=\"widget\" data-e-type=\"widget\" data-widget_type=\"image.default\">\n\t\t\t\t<div class=\"elementor-widget-container\">\n\t\t\t\t\t\t\t\t\t\t\t\t\t\t\t<img decoding=\"async\" width=\"300\" height=\"169\" src=\"https:\/\/jeanpaixao.com.br\/stonemotors\/wp-content\/uploads\/2024\/10\/Design-sem-nome-7-2-scaled-1-300x169.jpg\" class=\"attachment-medium size-medium wp-image-102\" alt=\"\" srcset=\"https:\/\/jeanpaixao.com.br\/stonemotors\/wp-content\/uploads\/2024\/10\/Design-sem-nome-7-2-scaled-1-300x169.jpg 300w, https:\/\/jeanpaixao.com.br\/stonemotors\/wp-content\/uploads\/2024\/10\/Design-sem-nome-7-2-scaled-1-1024x576.jpg 1024w, https:\/\/jeanpaixao.com.br\/stonemotors\/wp-content\/uploads\/2024\/10\/Design-sem-nome-7-2-scaled-1-768x432.jpg 768w, https:\/\/jeanpaixao.com.br\/stonemotors\/wp-content\/uploads\/2024\/10\/Design-sem-nome-7-2-scaled-1-1536x864.jpg 1536w, https:\/\/jeanpaixao.com.br\/stonemotors\/wp-content\/uploads\/2024\/10\/Design-sem-nome-7-2-scaled-1-2048x1152.jpg 2048w\" sizes=\"(max-width: 300px) 100vw, 300px\" \/>\t\t\t\t\t\t\t\t\t\t\t\t\t\t\t<\/div>\n\t\t\t\t<\/div>\n\t\t\t\t<div class=\"elementor-element elementor-element-1f4dce4 elementor-widget elementor-widget-image\" data-id=\"1f4dce4\" data-element_type=\"widget\" data-e-type=\"widget\" data-widget_type=\"image.default\">\n\t\t\t\t<div class=\"elementor-widget-container\">\n\t\t\t\t\t\t\t\t\t\t\t\t\t\t\t<img decoding=\"async\" width=\"300\" height=\"168\" src=\"https:\/\/jeanpaixao.com.br\/stonemotors\/wp-content\/uploads\/2024\/10\/images.jpeg\" class=\"attachment-medium size-medium wp-image-103\" alt=\"\" \/>\t\t\t\t\t\t\t\t\t\t\t\t\t\t\t<\/div>\n\t\t\t\t<\/div>\n\t\t\t\t<\/div>\n\t\t\t\t<div class=\"elementor-element elementor-element-61911d7 elementor-widget elementor-widget-heading\" data-id=\"61911d7\" data-element_type=\"widget\" data-e-type=\"widget\" data-widget_type=\"heading.default\">\n\t\t\t\t<div class=\"elementor-widget-container\">\n\t\t\t\t\t<h2 class=\"elementor-heading-title elementor-size-default\">Descri\u00e7\u00e3o:<\/h2>\t\t\t\t<\/div>\n\t\t\t\t<\/div>\n\t\t\t\t<div class=\"elementor-element elementor-element-1b5dced elementor-widget elementor-widget-text-editor\" data-id=\"1b5dced\" data-element_type=\"widget\" data-e-type=\"widget\" data-widget_type=\"text-editor.default\">\n\t\t\t\t<div class=\"elementor-widget-container\">\n\t\t\t\t\t\t\t\t\tLorem Ipsum \u00e9 simplesmente um texto modelo da ind\u00fastria tipogr\u00e1fica e de impress\u00e3o. Lorem Ipsum tem sido o texto modelo padr\u00e3o da ind\u00fastria desde os anos 1500, quando um impressor desconhecido pegou uma galera de tipos e os embaralhou para fazer um livro de esp\u00e9cimes de tipos. Ele sobreviveu n\u00e3o apenas cinco s\u00e9culos, mas tamb\u00e9m ao salto para a composi\u00e7\u00e3o eletr\u00f4nica, permanecendo essencialmente inalterado. Foi popularizado na d\u00e9cada de 1960 com o lan\u00e7amento das folhas Letraset contendo passagens do Lorem Ipsum e, mais recentemente, com softwares de editora\u00e7\u00e3o eletr\u00f4nica como o Aldus PageMaker, \t\t\t\t\t\t\t\t<\/div>\n\t\t\t\t<\/div>\n\t\t\t\t<\/div>\n\t\t\t\t\t<\/div>\n\t\t\t\t<\/div>\n\t\t\t\t<\/div>\n\t\t\t\t<\/div>\n\t\t\t\t\t<span class=\"e-load-more-spinner\">\n\t\t\t\t<svg aria-hidden=\"true\" class=\"e-font-icon-svg e-fas-spinner\" viewBox=\"0 0 512 512\" xmlns=\"http:\/\/www.w3.org\/2000\/svg\"><path d=\"M304 48c0 26.51-21.49 48-48 48s-48-21.49-48-48 21.49-48 48-48 48 21.49 48 48zm-48 368c-26.51 0-48 21.49-48 48s21.49 48 48 48 48-21.49 48-48-21.49-48-48-48zm208-208c-26.51 0-48 21.49-48 48s21.49 48 48 48 48-21.49 48-48-21.49-48-48-48zM96 256c0-26.51-21.49-48-48-48S0 229.49 0 256s21.49 48 48 48 48-21.49 48-48zm12.922 99.078c-26.51 0-48 21.49-48 48s21.49 48 48 48 48-21.49 48-48c0-26.509-21.491-48-48-48zm294.156 0c-26.51 0-48 21.49-48 48s21.49 48 48 48 48-21.49 48-48c0-26.509-21.49-48-48-48zM108.922 60.922c-26.51 0-48 21.49-48 48s21.49 48 48 48 48-21.49 48-48-21.491-48-48-48z\"><\/path><\/svg>\t\t\t<\/span>\n\t\t\n\t\t\t\t\t\t<\/div>\n\t\t\t\t<\/div>\n\t\t\t\t\t<\/div>\n\t\t\t\t<\/div>\n\t\t\t\t<\/div>\n\t\t","protected":false},"excerpt":{"rendered":"","protected":false},"author":1,"featured_media":0,"parent":0,"menu_order":0,"comment_status":"closed","ping_status":"closed","template":"","meta":{"_acf_changed":false,"footnotes":""},"class_list":["post-732","page","type-page","status-publish","hentry"],"acf":[],"_links":{"self":[{"href":"https:\/\/jeanpaixao.com.br\/stonemotors\/wp-json\/wp\/v2\/pages\/732","targetHints":{"allow":["GET"]}}],"collection":[{"href":"https:\/\/jeanpaixao.com.br\/stonemotors\/wp-json\/wp\/v2\/pages"}],"about":[{"href":"https:\/\/jeanpaixao.com.br\/stonemotors\/wp-json\/wp\/v2\/types\/page"}],"author":[{"embeddable":true,"href":"https:\/\/jeanpaixao.com.br\/stonemotors\/wp-json\/wp\/v2\/users\/1"}],"replies":[{"embeddable":true,"href":"https:\/\/jeanpaixao.com.br\/stonemotors\/wp-json\/wp\/v2\/comments?post=732"}],"version-history":[{"count":31,"href":"https:\/\/jeanpaixao.com.br\/stonemotors\/wp-json\/wp\/v2\/pages\/732\/revisions"}],"predecessor-version":[{"id":805,"href":"https:\/\/jeanpaixao.com.br\/stonemotors\/wp-json\/wp\/v2\/pages\/732\/revisions\/805"}],"wp:attachment":[{"href":"https:\/\/jeanpaixao.com.br\/stonemotors\/wp-json\/wp\/v2\/media?parent=732"}],"curies":[{"name":"wp","href":"https:\/\/api.w.org\/{rel}","templated":true}]}}