{"id":17,"date":"2024-10-30T15:07:53","date_gmt":"2024-10-30T18:07:53","guid":{"rendered":"https:\/\/jeanpaixao.com.br\/stonemotors\/?page_id=17"},"modified":"2024-11-01T17:01:57","modified_gmt":"2024-11-01T20:01:57","slug":"sobre","status":"publish","type":"page","link":"https:\/\/jeanpaixao.com.br\/stonemotors\/sobre\/","title":{"rendered":"Sobre"},"content":{"rendered":"\t\t<div data-elementor-type=\"wp-page\" data-elementor-id=\"17\" class=\"elementor elementor-17\" data-elementor-post-type=\"page\">\n\t\t\t\t<a class=\"elementor-element elementor-element-71c5fda4 e-con-full e-flex e-con e-parent\" data-id=\"71c5fda4\" data-element_type=\"container\" data-e-type=\"container\" href=\"https:\/\/jeanpaixao.com.br\/stonemotors\/sobre\/\">\n\t\t\t\t<\/a>\n\t\t<div class=\"elementor-element elementor-element-52c12a6 e-con-full e-flex e-con e-parent\" data-id=\"52c12a6\" data-element_type=\"container\" data-e-type=\"container\">\n\t\t\t\t<div class=\"elementor-element elementor-element-9e3c56b elementor-widget elementor-widget-template\" data-id=\"9e3c56b\" data-element_type=\"widget\" data-e-type=\"widget\" data-widget_type=\"template.default\">\n\t\t\t\t<div class=\"elementor-widget-container\">\n\t\t\t\t\t\t\t<div class=\"elementor-template\">\n\t\t\t\t\t<div data-elementor-type=\"container\" data-elementor-id=\"285\" class=\"elementor elementor-285\" data-elementor-post-type=\"elementor_library\">\n\t\t\t\t<div class=\"elementor-element elementor-element-1e25bb0 e-flex e-con-boxed e-con e-parent\" data-id=\"1e25bb0\" data-element_type=\"container\" data-e-type=\"container\" data-settings=\"{&quot;background_background&quot;:&quot;classic&quot;}\">\n\t\t\t\t\t<div class=\"e-con-inner\">\n\t\t\t\t<div class=\"elementor-element elementor-element-4af2e2e elementor-widget elementor-widget-heading\" data-id=\"4af2e2e\" data-element_type=\"widget\" data-e-type=\"widget\" data-widget_type=\"heading.default\">\n\t\t\t\t<div class=\"elementor-widget-container\">\n\t\t\t\t\t<h2 class=\"elementor-heading-title elementor-size-default\">Sobre<\/h2>\t\t\t\t<\/div>\n\t\t\t\t<\/div>\n\t\t\t\t\t<\/div>\n\t\t\t\t<\/div>\n\t\t<div class=\"elementor-element elementor-element-55dfc31 e-flex e-con-boxed e-con e-parent\" data-id=\"55dfc31\" data-element_type=\"container\" data-e-type=\"container\">\n\t\t\t\t\t<div class=\"e-con-inner\">\n\t\t\t\t\t<\/div>\n\t\t\t\t<\/div>\n\t\t\t\t<\/div>\n\t\t\t\t<\/div>\n\t\t\t\t\t\t<\/div>\n\t\t\t\t<\/div>\n\t\t\t\t<\/div>\n\t\t<div class=\"elementor-element elementor-element-eff066a e-flex e-con-boxed elementor-invisible e-con e-parent\" data-id=\"eff066a\" data-element_type=\"container\" data-e-type=\"container\" data-settings=\"{&quot;animation&quot;:&quot;zoomIn&quot;}\">\n\t\t\t\t\t<div class=\"e-con-inner\">\n\t\t\t\t<div class=\"elementor-element elementor-element-b6470ed elementor-grid-1 elementor-grid-tablet-1 elementor-grid-mobile-1 elementor-widget elementor-widget-loop-grid\" data-id=\"b6470ed\" data-element_type=\"widget\" data-e-type=\"widget\" data-settings=\"{&quot;template_id&quot;:&quot;250&quot;,&quot;columns&quot;:1,&quot;columns_tablet&quot;:1,&quot;_skin&quot;:&quot;post&quot;,&quot;columns_mobile&quot;:&quot;1&quot;,&quot;edit_handle_selector&quot;:&quot;[data-elementor-type=\\&quot;loop-item\\&quot;]&quot;,&quot;row_gap&quot;:{&quot;unit&quot;:&quot;px&quot;,&quot;size&quot;:&quot;&quot;,&quot;sizes&quot;:[]},&quot;row_gap_tablet&quot;:{&quot;unit&quot;:&quot;px&quot;,&quot;size&quot;:&quot;&quot;,&quot;sizes&quot;:[]},&quot;row_gap_mobile&quot;:{&quot;unit&quot;:&quot;px&quot;,&quot;size&quot;:&quot;&quot;,&quot;sizes&quot;:[]}}\" data-widget_type=\"loop-grid.post\">\n\t\t\t\t<div class=\"elementor-widget-container\">\n\t\t\t\t\t\t\t<div class=\"elementor-loop-container elementor-grid\">\n\t\t<style id=\"loop-250\">.elementor-250 .elementor-element.elementor-element-aefe524{--display:flex;--flex-direction:column;--container-widget-width:100%;--container-widget-height:initial;--container-widget-flex-grow:0;--container-widget-align-self:initial;--flex-wrap-mobile:wrap;--margin-top:0px;--margin-bottom:0px;--margin-left:0px;--margin-right:0px;--padding-top:0px;--padding-bottom:0px;--padding-left:0px;--padding-right:0px;}.elementor-widget-theme-post-title .elementor-heading-title{font-family:var( --e-global-typography-primary-font-family ), Sans-serif;font-weight:var( --e-global-typography-primary-font-weight );color:var( --e-global-color-primary );}.elementor-widget-theme-post-content{color:var( --e-global-color-text );font-family:var( --e-global-typography-text-font-family ), Sans-serif;font-weight:var( --e-global-typography-text-font-weight );}<\/style>\t\t<div data-elementor-type=\"loop-item\" data-elementor-id=\"250\" class=\"elementor elementor-250 e-loop-item e-loop-item-196 post-196 sobre-a-stone type-sobre-a-stone status-publish has-post-thumbnail hentry\" data-elementor-post-type=\"elementor_library\" data-custom-edit-handle=\"1\">\n\t\t\t<div class=\"elementor-element elementor-element-aefe524 e-flex e-con-boxed e-con e-parent\" data-id=\"aefe524\" data-element_type=\"container\" data-e-type=\"container\">\n\t\t\t\t\t<div class=\"e-con-inner\">\n\t\t\t\t<div class=\"elementor-element elementor-element-92cb363 elementor-widget elementor-widget-theme-post-title elementor-page-title elementor-widget-heading\" data-id=\"92cb363\" data-element_type=\"widget\" data-e-type=\"widget\" data-widget_type=\"theme-post-title.default\">\n\t\t\t\t<div class=\"elementor-widget-container\">\n\t\t\t\t\t<h1 class=\"elementor-heading-title elementor-size-default\">STONE MOTORS<\/h1>\t\t\t\t<\/div>\n\t\t\t\t<\/div>\n\t\t\t\t<div class=\"elementor-element elementor-element-5252650 elementor-widget elementor-widget-theme-post-content\" data-id=\"5252650\" data-element_type=\"widget\" data-e-type=\"widget\" data-widget_type=\"theme-post-content.default\">\n\t\t\t\t<div class=\"elementor-widget-container\">\n\t\t\t\t\t\n<p>O nome Stone Motor, (motores de pedra em ingl\u00eas), foi criado em alus\u00e3o \u00e0 cidade de Pedrinhas Paulista. O Motoclube foi fundado em agosto de 2012, com o intuito de organizar um encontro de motociclistas no dia da comemora\u00e7\u00e3o do anivers\u00e1rio de 60 anos da cidade, aproveitando, assim, a estrutura do evento. Nessa ocasi\u00e3o, o munic\u00edpio recebeu 250 motociclistas, em 1 dia de evento. A cada ano, houve um aumento, tanto do n\u00famero de turistas quanto de motociclistas. No \u00faltimo evento, Pedrinhas Paulista recebeu mais de 15.000 visitantes. Por conta das intemp\u00e9ries, do per\u00edodo de chuvas no m\u00eas de setembro, considerou-se a necessidade de alterar a data. Ent\u00e3o, a partir do 3\u00ba evento, em 2014, al\u00e9m ser realizada na \u00faltima semana de julho, a festa ocorre ao longo de tr\u00eas dias. Nos visitam motociclistas, triciclistas e tamb\u00e9m demais tribos motorizadas do nosso Brasil e dos nossos vizinhos do Mercosul. Realizamos, assim, um grande encontro, revendo e conhecendo novos amigos, todos sentados \u00e0 sombra dos Ip\u00eas de nossas pra\u00e7as. Os visitantes e toda a popula\u00e7\u00e3o presente, t\u00eam a oportunidade de saborear a nossa culin\u00e1ria italiana artesanal, produzida pelas nossas \u201cNonnas\u201d e ouvindo o melhor do Rock regional. Um evento dessas propor\u00e7\u00f5es conta, certamente, com o apoio da Prefeitura Municipal de Pedrinhas Paulista, a qual oferece toda a infraestrutura necess\u00e1ria para receber com conforto, seguran\u00e7a e respeito os turistas que nos visitam. Al\u00e9m desse grande encontro, o Stone Motors MC organiza tamb\u00e9m a\u00e7\u00f5es sociais: podemos citar a recupera\u00e7\u00e3o do sino da Igreja matriz, a arrecada\u00e7\u00e3o e doa\u00e7\u00e3o de alimentos, fraldas, ventiladores para entidades da nossa regi\u00e3o, al\u00e9m de auxiliar as propostas que envolvam o desenvolvimento de crian\u00e7as e jovens, entre outros projetos. Trata-se, portanto, de um evento que vai muito al\u00e9m de beneficiar a economia do munic\u00edpio, de oferecer dias de lazer e divers\u00e3o; ancora-se em realizar projetos sociais que contribuem para o bem-estar necess\u00e1rio a tantas pessoas.<\/p>\n\n\n\n<p><br><\/p>\n\n\n\n<figure class=\"wp-block-image size-large\"><img fetchpriority=\"high\" fetchpriority=\"high\" decoding=\"async\" width=\"1024\" height=\"576\" src=\"https:\/\/jeanpaixao.com.br\/stonemotors\/wp-content\/uploads\/2024\/10\/Design-sem-nome-7-2-scaled-1-1024x576.jpg\" alt=\"\" class=\"wp-image-102\" srcset=\"https:\/\/jeanpaixao.com.br\/stonemotors\/wp-content\/uploads\/2024\/10\/Design-sem-nome-7-2-scaled-1-1024x576.jpg 1024w, https:\/\/jeanpaixao.com.br\/stonemotors\/wp-content\/uploads\/2024\/10\/Design-sem-nome-7-2-scaled-1-300x169.jpg 300w, https:\/\/jeanpaixao.com.br\/stonemotors\/wp-content\/uploads\/2024\/10\/Design-sem-nome-7-2-scaled-1-768x432.jpg 768w, https:\/\/jeanpaixao.com.br\/stonemotors\/wp-content\/uploads\/2024\/10\/Design-sem-nome-7-2-scaled-1-1536x864.jpg 1536w, https:\/\/jeanpaixao.com.br\/stonemotors\/wp-content\/uploads\/2024\/10\/Design-sem-nome-7-2-scaled-1-2048x1152.jpg 2048w\" sizes=\"(max-width: 1024px) 100vw, 1024px\" \/><\/figure>\n\n\n\n<p>O nome Stone Motor, (motores de pedra em ingl\u00eas), foi criado em alus\u00e3o \u00e0 cidade de Pedrinhas Paulista. O Motoclube foi fundado em agosto de 2012, com o intuito de organizar um encontro de motociclistas no dia da comemora\u00e7\u00e3o do anivers\u00e1rio de 60 anos da cidade, aproveitando, assim, a estrutura do evento. Nessa ocasi\u00e3o, o munic\u00edpio recebeu 250 motociclistas, em 1 dia de evento. A cada ano, houve um aumento, tanto do n\u00famero de turistas quanto de motociclistas. No \u00faltimo evento, Pedrinhas Paulista recebeu mais de 15.000 visitantes. Por conta das intemp\u00e9ries, do per\u00edodo de chuvas no m\u00eas de setembro, considerou-se a necessidade de alterar a data. Ent\u00e3o, a partir do 3\u00ba evento, em 2014, al\u00e9m ser realizada na \u00faltima semana de julho, a festa ocorre ao longo de tr\u00eas dias. Nos visitam motociclistas, triciclistas e tamb\u00e9m demais tribos motorizadas do nosso Brasil e dos nossos vizinhos do Mercosul. Realizamos, assim, um grande encontro, revendo e conhecendo novos amigos, todos sentados \u00e0 sombra dos Ip\u00eas de nossas pra\u00e7as. Os visitantes e toda a popula\u00e7\u00e3o presente, t\u00eam a oportunidade de saborear a nossa culin\u00e1ria italiana artesanal, produzida pelas nossas \u201cNonnas\u201d e ouvindo o melhor do Rock regional. Um evento dessas propor\u00e7\u00f5es conta, certamente, com o apoio da Prefeitura Municipal de Pedrinhas Paulista, a qual oferece toda a infraestrutura necess\u00e1ria para receber com conforto, seguran\u00e7a e respeito os turistas que nos visitam. Al\u00e9m desse grande encontro, o Stone Motors MC organiza tamb\u00e9m a\u00e7\u00f5es sociais: podemos citar a recupera\u00e7\u00e3o do sino da Igreja matriz, a arrecada\u00e7\u00e3o e doa\u00e7\u00e3o de alimentos, fraldas, ventiladores para entidades da nossa regi\u00e3o, al\u00e9m de auxiliar as propostas que envolvam o desenvolvimento de crian\u00e7as e jovens, entre outros projetos. Trata-se, portanto, de um evento que vai muito al\u00e9m de beneficiar a economia do munic\u00edpio, de oferecer dias de lazer e divers\u00e3o; ancora-se em realizar projetos sociais que contribuem para o bem-estar necess\u00e1rio a tantas pessoas.<\/p>\n\n\n\n<figure class=\"wp-block-image aligncenter size-full is-resized\"><img decoding=\"async\" width=\"300\" height=\"168\" src=\"https:\/\/jeanpaixao.com.br\/stonemotors\/wp-content\/uploads\/2024\/10\/images.jpeg\" alt=\"\" class=\"wp-image-103\" style=\"width:824px;height:auto\"\/><\/figure>\n\n\n\n<p>O nome Stone Motor, (motores de pedra em ingl\u00eas), foi criado em alus\u00e3o \u00e0 cidade de Pedrinhas Paulista. O Motoclube foi fundado em agosto de 2012, com o intuito de organizar um encontro de motociclistas no dia da comemora\u00e7\u00e3o do anivers\u00e1rio de 60 anos da cidade, aproveitando, assim, a estrutura do evento. Nessa ocasi\u00e3o, o munic\u00edpio recebeu 250 motociclistas, em 1 dia de evento. A cada ano, houve um aumento, tanto do n\u00famero de turistas quanto de motociclistas. No \u00faltimo evento, Pedrinhas Paulista recebeu mais de 15.000 visitantes. Por conta das intemp\u00e9ries, do per\u00edodo de chuvas no m\u00eas de setembro, considerou-se a necessidade de alterar a data. Ent\u00e3o, a partir do 3\u00ba evento, em 2014, al\u00e9m ser realizada na \u00faltima semana de julho, a festa ocorre ao longo de tr\u00eas dias. Nos visitam motociclistas, triciclistas e tamb\u00e9m demais tribos motorizadas do nosso Brasil e dos nossos vizinhos do Mercosul. Realizamos, assim, um grande encontro, revendo e conhecendo novos amigos, todos sentados \u00e0 sombra dos Ip\u00eas de nossas pra\u00e7as. Os visitantes e toda a popula\u00e7\u00e3o presente, t\u00eam a oportunidade de saborear a nossa culin\u00e1ria italiana artesanal, produzida pelas nossas \u201cNonnas\u201d e ouvindo o melhor do Rock regional. Um evento dessas propor\u00e7\u00f5es conta, certamente, com o apoio da Prefeitura Municipal de Pedrinhas Paulista, a qual oferece toda a infraestrutura necess\u00e1ria para receber com conforto, seguran\u00e7a e respeito os turistas que nos visitam. Al\u00e9m desse grande encontro, o Stone Motors MC organiza tamb\u00e9m a\u00e7\u00f5es sociais: podemos citar a recupera\u00e7\u00e3o do sino da Igreja matriz, a arrecada\u00e7\u00e3o e doa\u00e7\u00e3o de alimentos, fraldas, ventiladores para entidades da nossa regi\u00e3o, al\u00e9m de auxiliar as propostas que envolvam o desenvolvimento de crian\u00e7as e jovens, entre outros projetos. Trata-se, portanto, de um evento que vai muito al\u00e9m de beneficiar a economia do munic\u00edpio, de oferecer dias de lazer e divers\u00e3o; ancora-se em realizar projetos sociais que contribuem para o bem-estar necess\u00e1rio a tantas pessoas.<\/p>\n\t\t\t\t<\/div>\n\t\t\t\t<\/div>\n\t\t\t\t\t<\/div>\n\t\t\t\t<\/div>\n\t\t\t\t<\/div>\n\t\t\t\t<\/div>\n\t\t\n\t\t\t\t\t\t<\/div>\n\t\t\t\t<\/div>\n\t\t\t\t\t<\/div>\n\t\t\t\t<\/div>\n\t\t\t\t<\/div>\n\t\t","protected":false},"excerpt":{"rendered":"","protected":false},"author":1,"featured_media":0,"parent":0,"menu_order":0,"comment_status":"closed","ping_status":"closed","template":"","meta":{"_acf_changed":false,"footnotes":""},"class_list":["post-17","page","type-page","status-publish","hentry"],"acf":[],"_links":{"self":[{"href":"https:\/\/jeanpaixao.com.br\/stonemotors\/wp-json\/wp\/v2\/pages\/17","targetHints":{"allow":["GET"]}}],"collection":[{"href":"https:\/\/jeanpaixao.com.br\/stonemotors\/wp-json\/wp\/v2\/pages"}],"about":[{"href":"https:\/\/jeanpaixao.com.br\/stonemotors\/wp-json\/wp\/v2\/types\/page"}],"author":[{"embeddable":true,"href":"https:\/\/jeanpaixao.com.br\/stonemotors\/wp-json\/wp\/v2\/users\/1"}],"replies":[{"embeddable":true,"href":"https:\/\/jeanpaixao.com.br\/stonemotors\/wp-json\/wp\/v2\/comments?post=17"}],"version-history":[{"count":37,"href":"https:\/\/jeanpaixao.com.br\/stonemotors\/wp-json\/wp\/v2\/pages\/17\/revisions"}],"predecessor-version":[{"id":685,"href":"https:\/\/jeanpaixao.com.br\/stonemotors\/wp-json\/wp\/v2\/pages\/17\/revisions\/685"}],"wp:attachment":[{"href":"https:\/\/jeanpaixao.com.br\/stonemotors\/wp-json\/wp\/v2\/media?parent=17"}],"curies":[{"name":"wp","href":"https:\/\/api.w.org\/{rel}","templated":true}]}}