{"id":199,"date":"2024-10-05T20:12:29","date_gmt":"2024-10-05T23:12:29","guid":{"rendered":"https:\/\/jeanpaixao.com.br\/akemi\/?page_id=199"},"modified":"2024-10-21T12:43:23","modified_gmt":"2024-10-21T15:43:23","slug":"sobre","status":"publish","type":"page","link":"https:\/\/jeanpaixao.com.br\/akemi\/sobre\/","title":{"rendered":"Sobre a Doutora"},"content":{"rendered":"\t\t<div data-elementor-type=\"wp-page\" data-elementor-id=\"199\" class=\"elementor elementor-199\" data-elementor-post-type=\"page\">\n\t\t\t\t<div class=\"elementor-element elementor-element-c3440d5 e-flex e-con-boxed e-con e-parent\" data-id=\"c3440d5\" data-element_type=\"container\" data-e-type=\"container\" data-settings=\"{&quot;background_background&quot;:&quot;classic&quot;}\">\n\t\t\t\t\t<div class=\"e-con-inner\">\n\t\t\t\t\t<\/div>\n\t\t\t\t<\/div>\n\t\t<div class=\"elementor-element elementor-element-3679459 e-flex e-con-boxed elementor-invisible e-con e-parent\" data-id=\"3679459\" data-element_type=\"container\" data-e-type=\"container\" data-settings=\"{&quot;animation&quot;:&quot;zoomIn&quot;,&quot;background_background&quot;:&quot;classic&quot;}\">\n\t\t\t\t\t<div class=\"e-con-inner\">\n\t\t\t\t<div class=\"elementor-element elementor-element-345d32c elementor-widget elementor-widget-text-editor\" data-id=\"345d32c\" data-element_type=\"widget\" data-e-type=\"widget\" data-widget_type=\"text-editor.default\">\n\t\t\t\t<div class=\"elementor-widget-container\">\n\t\t\t\t\t\t\t\t\t<p><span>A doutora Akemi Namba \u00e9 especialista em nutrologia, com vasta experi\u00eancia no cuidado nutricional para preven\u00e7\u00e3o e tratamento de doen\u00e7as. Formada em medicina pela Universidade, possui especializa\u00e7\u00f5es em nutrologia, e \u00e9 reconhecida por sua abordagem humanizada e eficaz na cria\u00e7\u00e3o de planos alimentares personalizados.<\/span><\/p>\n<p><strong><span>Miss\u00e3o<\/span><\/strong><span> : <\/span><br><span>Promover sa\u00fade e qualidade de vida atrav\u00e9s da nutrologia, ajudando pacientes a alcan\u00e7arem equil\u00edbrio nutricional e bem-estar em todas as fases da vida.<\/span><\/p>\n<p><strong><span>Certifica\u00e7\u00f5es e Especializa\u00e7\u00f5es<\/span><\/strong><span> :<\/span><\/p>\n<ul>\n<li><span>Gradua\u00e7\u00e3o em Medicina \u2013 [Nome da Universidade]<\/span><\/li>\n<li><span>Especializa\u00e7\u00e3o em Nutrologia \u2013 [Institui\u00e7\u00e3o]<\/span><\/li>\n<li><span>Membro da Sociedade Brasileira de Nutrologia<\/span><\/li>\n<\/ul>\n<p><br><strong><span>Conhe\u00e7a mais sobre meu trabalho e marque sua consulta para viver com mais sa\u00fade!<\/span><\/strong><\/p>\t\t\t\t\t\t\t\t<\/div>\n\t\t\t\t<\/div>\n\t\t\t\t\t<\/div>\n\t\t\t\t<\/div>\n\t\t<div class=\"elementor-element elementor-element-fbb9861 e-flex e-con-boxed elementor-invisible e-con e-parent\" data-id=\"fbb9861\" data-element_type=\"container\" data-e-type=\"container\" data-settings=\"{&quot;animation&quot;:&quot;zoomIn&quot;}\">\n\t\t\t\t\t<div class=\"e-con-inner\">\n\t\t\t\t<div class=\"elementor-element elementor-element-2d215e4 elementor-cta--skin-classic elementor-animated-content elementor-bg-transform elementor-bg-transform-zoom-in elementor-widget elementor-widget-call-to-action\" data-id=\"2d215e4\" data-element_type=\"widget\" data-e-type=\"widget\" data-widget_type=\"call-to-action.default\">\n\t\t\t\t<div class=\"elementor-widget-container\">\n\t\t\t\t\t\t\t<div class=\"elementor-cta\">\n\t\t\t\t\t\t\t<div class=\"elementor-cta__content\">\n\t\t\t\t\n\t\t\t\t\t\t\t\t\t<h2 class=\"elementor-cta__title elementor-cta__content-item elementor-content-item\">\n\t\t\t\t\t\tAgende sua consulta agora mesmo e comece sua jornada para uma vida mais saud\u00e1vel!\t\t\t\t\t<\/h2>\n\t\t\t\t\n\t\t\t\t\n\t\t\t\t\t\t\t\t\t<div class=\"elementor-cta__button-wrapper elementor-cta__content-item elementor-content-item \">\n\t\t\t\t\t<a class=\"elementor-cta__button elementor-button elementor-size-\" href=\"#\">\n\t\t\t\t\t\tAgendar sua consulta no WhatsApp\t\t\t\t\t<\/a>\n\t\t\t\t\t<\/div>\n\t\t\t\t\t\t\t<\/div>\n\t\t\t\t\t\t<\/div>\n\t\t\t\t\t\t<\/div>\n\t\t\t\t<\/div>\n\t\t\t\t\t<\/div>\n\t\t\t\t<\/div>\n\t\t\t\t<\/div>\n\t\t","protected":false},"excerpt":{"rendered":"<p>A doutora Akemi Namba \u00e9 especialista em nutrologia, com vasta experi\u00eancia no cuidado nutricional para preven\u00e7\u00e3o e tratamento de doen\u00e7as. Formada em medicina pela Universidade, possui especializa\u00e7\u00f5es em nutrologia, e \u00e9 reconhecida por sua abordagem humanizada e eficaz na cria\u00e7\u00e3o de planos alimentares personalizados. Miss\u00e3o : Promover sa\u00fade e qualidade de vida atrav\u00e9s da nutrologia, [&hellip;]<\/p>\n","protected":false},"author":1,"featured_media":0,"parent":0,"menu_order":0,"comment_status":"closed","ping_status":"closed","template":"elementor_header_footer","meta":{"footnotes":""},"class_list":["post-199","page","type-page","status-publish","hentry"],"_links":{"self":[{"href":"https:\/\/jeanpaixao.com.br\/akemi\/wp-json\/wp\/v2\/pages\/199","targetHints":{"allow":["GET"]}}],"collection":[{"href":"https:\/\/jeanpaixao.com.br\/akemi\/wp-json\/wp\/v2\/pages"}],"about":[{"href":"https:\/\/jeanpaixao.com.br\/akemi\/wp-json\/wp\/v2\/types\/page"}],"author":[{"embeddable":true,"href":"https:\/\/jeanpaixao.com.br\/akemi\/wp-json\/wp\/v2\/users\/1"}],"replies":[{"embeddable":true,"href":"https:\/\/jeanpaixao.com.br\/akemi\/wp-json\/wp\/v2\/comments?post=199"}],"version-history":[{"count":60,"href":"https:\/\/jeanpaixao.com.br\/akemi\/wp-json\/wp\/v2\/pages\/199\/revisions"}],"predecessor-version":[{"id":631,"href":"https:\/\/jeanpaixao.com.br\/akemi\/wp-json\/wp\/v2\/pages\/199\/revisions\/631"}],"wp:attachment":[{"href":"https:\/\/jeanpaixao.com.br\/akemi\/wp-json\/wp\/v2\/media?parent=199"}],"curies":[{"name":"wp","href":"https:\/\/api.w.org\/{rel}","templated":true}]}}